{"id":3694,"date":"2023-10-18T14:51:00","date_gmt":"2023-10-18T12:51:00","guid":{"rendered":"https:\/\/www.weitzer-sport.com\/referenzen\/"},"modified":"2024-12-16T14:48:41","modified_gmt":"2024-12-16T13:48:41","slug":"references","status":"publish","type":"page","link":"https:\/\/www.weitzer-sport.com\/en\/references\/","title":{"rendered":"References"},"content":{"rendered":"<div id=\"ep-block-page-header-block_3bfc833b2fd6a83795037b15f84656c9\" class=\"ep-block-page-header ep-block  chosen-bg-theme-beige type-2\">\n            <div class=\"show-frontend\">\n\n            <div class=\"inner\">\n                                \n                <div class=\"container mx-auto\" style=\"\">\n                    <div class=\"text-container\">\n\n                                                    <div class=\"breadcrumbs-wrapper\">\n                                <span><span><a href=\"https:\/\/www.weitzer-sport.com\/en\/\">Home<\/a><\/span><\/span>\n                            <\/div>\n                        \n                                                    <h1>Sport parquet<span class=\"underline\"><br \/>\r\nsuccess stories<\/span><\/h1>\n                        \n                        \n                                                    <div class=\"btn-wrapper\">\n                                                                    <div class=\"link\">\n                                        <a href=\"https:\/\/www.weitzer-sport.com\/en\/request\/\" title=\"Send request now\" target=\"\" class=\"btn arrow-right\">\n                                            Send request now\n                                        <\/a>\n                                    <\/div>\n                                \n                                                                    <div class=\"link\">\n                                        <a href=\"https:\/\/www.weitzer-sport.com\/en\/sport-parquet\/\" title=\"Find out more about sport parquet\" target=\"\" class=\"btn link arrow-right\">\n                                            Find out more about sport parquet\n                                        <\/a>\n                                    <\/div>\n                                                            <\/div>\n                        \n                                            <\/div>\n                <\/div>\n            <\/div>\n\n            \n                \n                    <div class=\"image-wrapper\">\n                    \n                    \n                    \n                                                                                        \n                    \n                                                            \n                    <picture class=\"image\">\n                        <source srcset=\"https:\/\/www.weitzer-sport.com\/wp-content\/uploads\/2023\/10\/referenz-volks-hauptschule-sladki-vrh-1-830x602-c-center.jpg 1x\" media=\"(min-resolution: 120dpi)\"\/>\n                        <source srcset=\"https:\/\/www.weitzer-sport.com\/wp-content\/uploads\/2023\/10\/referenz-volks-hauptschule-sladki-vrh-1-830x602-c-center.jpg 1x\" media=\"(min-width: 1024px)\"\/>\n                        <source srcset=\"https:\/\/www.weitzer-sport.com\/wp-content\/uploads\/2023\/10\/referenz-volks-hauptschule-sladki-vrh-1-684x496-c-center.jpg 1x\" media=\"(min-width: 768px)\"\/>\n                        <source srcset=\"https:\/\/www.weitzer-sport.com\/wp-content\/uploads\/2023\/10\/referenz-volks-hauptschule-sladki-vrh-1-356x258-c-center.jpg 1x\" media=\"(max-width: 767px)\"\/>\n                        <img decoding=\"async\" src=\"https:\/\/www.weitzer-sport.com\/wp-content\/uploads\/2023\/10\/referenz-volks-hauptschule-sladki-vrh-1-356x258-c-center.jpg\" alt=\"\" title=\"referenz-volks_hauptschule_Sladki-Vrh_1\"\/>\n                    <\/picture>\n                <\/div>\n\n                \n                                    <\/div>\n    <\/div>\n\n\n<div id=\"ep-block-spacer-block_1714b1f0a0d6f0083f1261d21605e683\" class=\"ep-block-spacer ep-block  chosen-\">\n            <div class=\"show-frontend\">\n                        <style>\n                #ep-spacer-ekJwO {\n                    height: 100px;\n                }\n                @media (max-width: 767px) {\n                    #ep-spacer-ekJwO {\n                        height: 40px;\n                    }\n                }\n                @media (min-width: 768px) and (max-width: 1023px) {\n                    #ep-spacer-ekJwO {\n                        height: 60px;\n                    }\n                }\n            <\/style>\n            <div id=\"ep-spacer-ekJwO\"><\/div>\n        <\/div>\n    <\/div>\n\n<div id=\"ep-block-pre-text-block_35b2cdde9884cf5c713ce7ac430f4692\" class=\"ep-block-pre-text ep-block  chosen-\">\n                        <div class=\"show-frontend\">\n                <div class=\"inner\">\n                    <div class=\"holder\"><p>Here are some of our outstanding sports flooring projects.<br \/>\nEach of these projects represents our absolute dedication to perfection when it comes to creating high-performance sports surfaces. Our sports parquet solutions have not only impressed our customers but have also inspired athletes and sports clubs.<\/p>\n<\/div>\n                <\/div>\n            <\/div>\n            <\/div>\n\n<div id=\"ep-block-teaser-block_a569654f9e7069ae394f035a3cbc7ce7\" class=\"ep-block-teaser ep-block  chosen-\">\n            <div class=\"show-frontend style-1\">\n            <div class=\"rectangle rectangle-1\"><\/div>\n            <div class=\"rectangle rectangle-2\"><\/div>\n            <div class=\"holder\">\n\n                                                \n                <div class=\"position-wrapper\">\n                                                                                                                                                                    <div class=\"image-wrapper\">                             <picture>\n                                <source srcset=\"https:\/\/www.weitzer-sport.com\/wp-content\/uploads\/2023\/10\/referenz-sp03-milak-wienerneustadt-582x388-c-center.jpg 1x\" media=\"(min-width: 1024px)\"\/>\n                                                                \n                                <img decoding=\"async\" src=\"https:\/\/www.weitzer-sport.com\/wp-content\/uploads\/2023\/10\/referenz-sp03-milak-wienerneustadt-582x388-c-center.jpg\" alt=\"\" title=\"referenz-sp03_Milak-Wienerneustadt\"\/>\n                                \n                            <\/picture>\n                        <\/div>\n                    \n                    <div class=\"text-wrapper\">\n                                                    <h2>\n                                \n                                Military Academy | Wiener Neustadt, Austria\n                                \n                            <\/h2>\n                        \n                        \n                        \n                    <\/div>\n                <\/div>\n            <\/div>\n        <\/div>\n    <\/div>\n\n<div id=\"ep-block-teaser-block_bd18716fa44a5290ba103a891b2662cc\" class=\"ep-block-teaser ep-block  chosen-\">\n            <div class=\"show-frontend style-1\">\n            <div class=\"rectangle rectangle-1\"><\/div>\n            <div class=\"rectangle rectangle-2\"><\/div>\n            <div class=\"holder\">\n\n                                                                                                        \n                <div class=\"position-wrapper\">\n                                                                                                                                                                    <div class=\"image-wrapper\">                             <picture>\n                                <source srcset=\"https:\/\/www.weitzer-sport.com\/wp-content\/uploads\/2024\/11\/kindergarten-stainz-turnen-copyright-dp-holding-gmbh-582x388-c-center.jpg 1x\" media=\"(min-width: 1024px)\"\/>\n                                                                 <a href=\"https:\/\/www.weitzer-sport.com\/en\/references\/kindergarten-stainz\/\" target=\"\">\n                                <img decoding=\"async\" src=\"https:\/\/www.weitzer-sport.com\/wp-content\/uploads\/2024\/11\/kindergarten-stainz-turnen-copyright-dp-holding-gmbh-582x388-c-center.jpg\" alt=\"\" title=\"kindergarten-stainz-turnen_copyright_D&#038;P_Holding_GmbH\"\/>\n                                <\/a>\n                            <\/picture>\n                        <\/div>\n                    \n                    <div class=\"text-wrapper\">\n                                                    <h2>\n                                 <a href=\"https:\/\/www.weitzer-sport.com\/en\/references\/kindergarten-stainz\/\" target=\"\">\n                                Kindergarten Stainz | Styria, Austria\n                                <\/a>\n                            <\/h2>\n                        \n                        \n                                                    <div class=\"link-wrapper\">\n                                <a href=\"https:\/\/www.weitzer-sport.com\/en\/references\/kindergarten-stainz\/\" target=\"\" class=\"btn ghost\">\n                                    See reference kindergarten Stainz\n                                <\/a>\n                            <\/div>\n                        \n                    <\/div>\n                <\/div>\n            <\/div>\n        <\/div>\n    <\/div>\n\n<div id=\"ep-block-wysiwyg-block_55f3909e0b593014d3afe5d18aeb7098\" class=\"ep-block-wysiwyg ep-block  chosen-\">\n                        <div class=\"show-frontend\">\n                <div class=\"inner\">\n                    <div class=\"holder\"><h2>Others:<\/h2>\n<ul>\n<li>Z\u0160 Mazursk\u00e1, Prague 8, CZ<\/li>\n<li>TJ Sokolovna, M\u0161eno, CZ<\/li>\n<li>Z\u0160 \u017dernoseck\u00e1, Prague 8, CZ<\/li>\n<li>Marriott Courtyard, Belgrade, RS (gym)<\/li>\n<li>Cannons Health &amp; Fitness plc, Surrey, UK<\/li>\n<li>Dulwich Leisure Centre, London, UK<\/li>\n<li>Haddington Joint Campus, Dunbar, UK<\/li>\n<li>Holmes Place Health Club, Mayfair, UK<\/li>\n<li>Manchester College of Performing Arts, Manchester, UK<\/li>\n<li>Oaklands Sports Centre, York, UK<\/li>\n<li>Tinsley Community Centre, Sheffield, UK<\/li>\n<li>University of Exeter Sports Park, Exeter, UK<\/li>\n<li>University of Arts, London, UK<\/li>\n<li>SL Lifestyles Leisure Centre, Rutherglen, UK<\/li>\n<li>ASV\u00d6 Hall, Graz, AT<\/li>\n<li>Actiwita Vitalstudio, Meckenheim, GER<\/li>\n<\/ul>\n<\/div>\n                <\/div>\n            <\/div>\n            <\/div>\n\n<div id=\"ep-block-wysiwyg-block_d2becc1d749d7a20a2cf668191b869fb\" class=\"ep-block-wysiwyg ep-block  chosen-\">\n                        <div class=\"show-frontend\">\n                <div class=\"inner\">\n                    <div class=\"holder\"><p>These references are only a small insight into our experience and expertise in the field of sports parquet. If you need more information about our sports parquet solutions, please <a href=\"https:\/\/www.weitzer-sport.com\/en\/request\/\">contact us<\/a>.<br \/>\n<strong>We are ready for your next project!<\/strong><\/p>\n<\/div>\n                <\/div>\n            <\/div>\n            <\/div>","protected":false},"excerpt":{"rendered":"","protected":false},"author":1,"featured_media":0,"parent":0,"menu_order":0,"comment_status":"closed","ping_status":"closed","template":"","meta":{"_acf_changed":false,"footnotes":""},"class_list":["post-3694","page","type-page","status-publish","hentry"],"acf":[],"yoast_head":"<!-- This site is optimized with the Yoast SEO plugin v25.7 - https:\/\/yoast.com\/wordpress\/plugins\/seo\/ -->\n<title>References - Weitzer Sport<\/title>\n<meta name=\"description\" content=\"Here are some of our outstanding sports flooring references. Each of these projects represents our absolute dedication to perfection.\" \/>\n<meta name=\"robots\" content=\"index, follow, max-snippet:-1, max-image-preview:large, max-video-preview:-1\" \/>\n<link rel=\"canonical\" href=\"https:\/\/www.weitzer-sport.com\/en\/references\/\" \/>\n<meta property=\"og:locale\" content=\"en_US\" \/>\n<meta property=\"og:type\" content=\"article\" \/>\n<meta property=\"og:title\" content=\"References - Weitzer Sport\" \/>\n<meta property=\"og:description\" content=\"Here are some of our outstanding sports flooring references. Each of these projects represents our absolute dedication to perfection.\" \/>\n<meta property=\"og:url\" content=\"https:\/\/www.weitzer-sport.com\/en\/references\/\" \/>\n<meta property=\"og:site_name\" content=\"Weitzer Sport\" \/>\n<meta property=\"article:modified_time\" content=\"2024-12-16T13:48:41+00:00\" \/>\n<meta name=\"twitter:card\" content=\"summary_large_image\" \/>\n<script type=\"application\/ld+json\" class=\"yoast-schema-graph\">{\"@context\":\"https:\/\/schema.org\",\"@graph\":[{\"@type\":\"WebPage\",\"@id\":\"https:\/\/www.weitzer-sport.com\/en\/references\/\",\"url\":\"https:\/\/www.weitzer-sport.com\/en\/references\/\",\"name\":\"References - Weitzer Sport\",\"isPartOf\":{\"@id\":\"https:\/\/www.weitzer-sport.com\/en\/#website\"},\"datePublished\":\"2023-10-18T12:51:00+00:00\",\"dateModified\":\"2024-12-16T13:48:41+00:00\",\"description\":\"Here are some of our outstanding sports flooring references. Each of these projects represents our absolute dedication to perfection.\",\"breadcrumb\":{\"@id\":\"https:\/\/www.weitzer-sport.com\/en\/references\/#breadcrumb\"},\"inLanguage\":\"en-US\",\"potentialAction\":[{\"@type\":\"ReadAction\",\"target\":[\"https:\/\/www.weitzer-sport.com\/en\/references\/\"]}]},{\"@type\":\"BreadcrumbList\",\"@id\":\"https:\/\/www.weitzer-sport.com\/en\/references\/#breadcrumb\",\"itemListElement\":[{\"@type\":\"ListItem\",\"position\":1,\"name\":\"Home\",\"item\":\"https:\/\/www.weitzer-sport.com\/en\/\"},{\"@type\":\"ListItem\",\"position\":2,\"name\":\"References\"}]},{\"@type\":\"WebSite\",\"@id\":\"https:\/\/www.weitzer-sport.com\/en\/#website\",\"url\":\"https:\/\/www.weitzer-sport.com\/en\/\",\"name\":\"Weitzer Sport\",\"description\":\"Qualit\u00e4t und Innovation seit 1831\",\"potentialAction\":[{\"@type\":\"SearchAction\",\"target\":{\"@type\":\"EntryPoint\",\"urlTemplate\":\"https:\/\/www.weitzer-sport.com\/en\/?s={search_term_string}\"},\"query-input\":{\"@type\":\"PropertyValueSpecification\",\"valueRequired\":true,\"valueName\":\"search_term_string\"}}],\"inLanguage\":\"en-US\"}]}<\/script>\n<!-- \/ Yoast SEO plugin. -->","yoast_head_json":{"title":"References - Weitzer Sport","description":"Here are some of our outstanding sports flooring references. Each of these projects represents our absolute dedication to perfection.","robots":{"index":"index","follow":"follow","max-snippet":"max-snippet:-1","max-image-preview":"max-image-preview:large","max-video-preview":"max-video-preview:-1"},"canonical":"https:\/\/www.weitzer-sport.com\/en\/references\/","og_locale":"en_US","og_type":"article","og_title":"References - Weitzer Sport","og_description":"Here are some of our outstanding sports flooring references. Each of these projects represents our absolute dedication to perfection.","og_url":"https:\/\/www.weitzer-sport.com\/en\/references\/","og_site_name":"Weitzer Sport","article_modified_time":"2024-12-16T13:48:41+00:00","twitter_card":"summary_large_image","schema":{"@context":"https:\/\/schema.org","@graph":[{"@type":"WebPage","@id":"https:\/\/www.weitzer-sport.com\/en\/references\/","url":"https:\/\/www.weitzer-sport.com\/en\/references\/","name":"References - Weitzer Sport","isPartOf":{"@id":"https:\/\/www.weitzer-sport.com\/en\/#website"},"datePublished":"2023-10-18T12:51:00+00:00","dateModified":"2024-12-16T13:48:41+00:00","description":"Here are some of our outstanding sports flooring references. Each of these projects represents our absolute dedication to perfection.","breadcrumb":{"@id":"https:\/\/www.weitzer-sport.com\/en\/references\/#breadcrumb"},"inLanguage":"en-US","potentialAction":[{"@type":"ReadAction","target":["https:\/\/www.weitzer-sport.com\/en\/references\/"]}]},{"@type":"BreadcrumbList","@id":"https:\/\/www.weitzer-sport.com\/en\/references\/#breadcrumb","itemListElement":[{"@type":"ListItem","position":1,"name":"Home","item":"https:\/\/www.weitzer-sport.com\/en\/"},{"@type":"ListItem","position":2,"name":"References"}]},{"@type":"WebSite","@id":"https:\/\/www.weitzer-sport.com\/en\/#website","url":"https:\/\/www.weitzer-sport.com\/en\/","name":"Weitzer Sport","description":"Qualit\u00e4t und Innovation seit 1831","potentialAction":[{"@type":"SearchAction","target":{"@type":"EntryPoint","urlTemplate":"https:\/\/www.weitzer-sport.com\/en\/?s={search_term_string}"},"query-input":{"@type":"PropertyValueSpecification","valueRequired":true,"valueName":"search_term_string"}}],"inLanguage":"en-US"}]}},"_links":{"self":[{"href":"https:\/\/www.weitzer-sport.com\/en\/wp-json\/wp\/v2\/pages\/3694","targetHints":{"allow":["GET"]}}],"collection":[{"href":"https:\/\/www.weitzer-sport.com\/en\/wp-json\/wp\/v2\/pages"}],"about":[{"href":"https:\/\/www.weitzer-sport.com\/en\/wp-json\/wp\/v2\/types\/page"}],"author":[{"embeddable":true,"href":"https:\/\/www.weitzer-sport.com\/en\/wp-json\/wp\/v2\/users\/1"}],"replies":[{"embeddable":true,"href":"https:\/\/www.weitzer-sport.com\/en\/wp-json\/wp\/v2\/comments?post=3694"}],"version-history":[{"count":5,"href":"https:\/\/www.weitzer-sport.com\/en\/wp-json\/wp\/v2\/pages\/3694\/revisions"}],"predecessor-version":[{"id":4315,"href":"https:\/\/www.weitzer-sport.com\/en\/wp-json\/wp\/v2\/pages\/3694\/revisions\/4315"}],"wp:attachment":[{"href":"https:\/\/www.weitzer-sport.com\/en\/wp-json\/wp\/v2\/media?parent=3694"}],"curies":[{"name":"wp","href":"https:\/\/api.w.org\/{rel}","templated":true}]}}