{"id":4292,"date":"2024-11-21T10:27:59","date_gmt":"2024-11-21T09:27:59","guid":{"rendered":"https:\/\/www.weitzer-sport.com\/weitzer-squash\/"},"modified":"2024-12-16T14:51:08","modified_gmt":"2024-12-16T13:51:08","slug":"weitzer-squash","status":"publish","type":"page","link":"https:\/\/www.weitzer-sport.com\/en\/weitzer-squash\/","title":{"rendered":"Weitzer Squash"},"content":{"rendered":"<div id=\"ep-block-page-header-block_bdbcf42d7a9eb38430a85f9338a53eaf\" class=\"ep-block-page-header ep-block  chosen-bg-theme-beige type-2\">\n            <div class=\"show-frontend\">\n\n            <div class=\"inner\">\n                                \n                <div class=\"container mx-auto\" style=\"\">\n                    <div class=\"text-container\">\n\n                        \n                                                    <h1>Weitzer Squash<\/h1>\n                        \n                                                    <div class=\"text-wrapper\"><p>The key to top performance<\/p>\n<\/div>\n                        \n                                                    <div class=\"btn-wrapper\">\n                                                                    <div class=\"link\">\n                                        <a href=\"https:\/\/www.weitzer-sport.com\/en\/request\/\" title=\"Send request now\" target=\"\" class=\"btn arrow-right\">\n                                            Send request now\n                                        <\/a>\n                                    <\/div>\n                                \n                                                                    <div class=\"link\">\n                                        <a href=\"https:\/\/www.weitzer-sport.com\/en\/accessories\/\" title=\"Find accessories here\" target=\"\" class=\"btn link arrow-right\">\n                                            Find accessories here\n                                        <\/a>\n                                    <\/div>\n                                                            <\/div>\n                        \n                                            <\/div>\n                <\/div>\n            <\/div>\n\n            \n                \n                    <div class=\"image-wrapper\">\n                    \n                    \n                    \n                                                                                        \n                    \n                                                            \n                    <picture class=\"image\">\n                        <source srcset=\"https:\/\/www.weitzer-sport.com\/wp-content\/uploads\/2024\/11\/weitzer-sport-squash-istock-512686280-header-830x602-c-center.jpg 1x\" media=\"(min-resolution: 120dpi)\"\/>\n                        <source srcset=\"https:\/\/www.weitzer-sport.com\/wp-content\/uploads\/2024\/11\/weitzer-sport-squash-istock-512686280-header-830x602-c-center.jpg 1x\" media=\"(min-width: 1024px)\"\/>\n                        <source srcset=\"https:\/\/www.weitzer-sport.com\/wp-content\/uploads\/2024\/11\/weitzer-sport-squash-istock-512686280-header-684x496-c-center.jpg 1x\" media=\"(min-width: 768px)\"\/>\n                        <source srcset=\"https:\/\/www.weitzer-sport.com\/wp-content\/uploads\/2024\/11\/weitzer-sport-squash-istock-512686280-header-356x258-c-center.jpg 1x\" media=\"(max-width: 767px)\"\/>\n                        <img decoding=\"async\" src=\"https:\/\/www.weitzer-sport.com\/wp-content\/uploads\/2024\/11\/weitzer-sport-squash-istock-512686280-header-356x258-c-center.jpg\" alt=\"\" title=\"Weitzer_Sport_Squash_iStock-512686280_header\"\/>\n                    <\/picture>\n                <\/div>\n\n                \n                                    <\/div>\n    <\/div>\n\n\n<div id=\"ep-block-spacer-block_50133942e47ef5cd67de4aad62f18ab8\" class=\"ep-block-spacer ep-block  chosen-bg-white\">\n            <div class=\"show-frontend\">\n                        <style>\n                #ep-spacer-VuQVR {\n                    height: 100px;\n                }\n                @media (max-width: 767px) {\n                    #ep-spacer-VuQVR {\n                        height: 40px;\n                    }\n                }\n                @media (min-width: 768px) and (max-width: 1023px) {\n                    #ep-spacer-VuQVR {\n                        height: 60px;\n                    }\n                }\n            <\/style>\n            <div id=\"ep-spacer-VuQVR\"><\/div>\n        <\/div>\n    <\/div>\n\n<div id=\"ep-block-pre-text-block_d02a7e87351bbee17dd7edd34bbc7898\" class=\"ep-block-pre-text ep-block  chosen-\">\n                        <div class=\"show-frontend\">\n                <div class=\"inner\">\n                    <div class=\"holder\"><p>A high-quality squash floor is the key to top performance and maximum safety. Professional players appreciate the perfect balanceof shock absorption, even ball bounce and slip resistance. Rely on Weitzer quality and experience squash at the highest level &#8211; for training and competition.<\/p>\n<\/div>\n                <\/div>\n            <\/div>\n            <\/div>\n\n<div id=\"ep-block-spacer-block_50133942e47ef5cd67de4aad62f18ab8\" class=\"ep-block-spacer ep-block  chosen-bg-white\">\n            <div class=\"show-frontend\">\n                        <style>\n                #ep-spacer-GkgGB {\n                    height: 100px;\n                }\n                @media (max-width: 767px) {\n                    #ep-spacer-GkgGB {\n                        height: 40px;\n                    }\n                }\n                @media (min-width: 768px) and (max-width: 1023px) {\n                    #ep-spacer-GkgGB {\n                        height: 60px;\n                    }\n                }\n            <\/style>\n            <div id=\"ep-spacer-GkgGB\"><\/div>\n        <\/div>\n    <\/div>\n\n<div id=\"ep-block-teaser-block_13b766f0c004abb9c13f957130cc3947\" class=\"ep-block-teaser ep-block  chosen-\">\n            <div class=\"show-frontend style-2\">\n            <div class=\"rectangle rectangle-1\"><\/div>\n            <div class=\"rectangle rectangle-2\"><\/div>\n            <div class=\"holder\">\n\n                                                                                                        \n                <div class=\"position-wrapper\">\n                                                                                                                                                                    <div class=\"image-wrapper\">                             <picture>\n                                <source srcset=\"https:\/\/www.weitzer-sport.com\/wp-content\/uploads\/2024\/11\/wsp-57-spruce-squash-weiss-582x388-c-center.jpg 1x\" media=\"(min-width: 1024px)\"\/>\n                                                                 <a href=\"https:\/\/www.weitzer-sport.com\/en\/request\/?form=3741&#038;field=7&#038;value=57%20Spruce%20Squash#anfrage\" target=\"\">\n                                <img decoding=\"async\" src=\"https:\/\/www.weitzer-sport.com\/wp-content\/uploads\/2024\/11\/wsp-57-spruce-squash-weiss-582x388-c-center.jpg\" alt=\"\" title=\"WSP_57_Spruce_Squash_weiss\"\/>\n                                <\/a>\n                            <\/picture>\n                        <\/div>\n                    \n                    <div class=\"text-wrapper\">\n                                                    <h2>\n                                 <a href=\"https:\/\/www.weitzer-sport.com\/en\/request\/?form=3741&#038;field=7&#038;value=57%20Spruce%20Squash#anfrage\" target=\"\">\n                                58 Spruce Squash\n                                <\/a>\n                            <\/h2>\n                        \n                                                    <div class=\"text\"><ol>\n<li><strong>Weitzer Sport Parkett 2245 spruce<br \/>\nwith ProSquash surface<\/strong><br \/>\n2245 x 193 x 14mm with 3,6mm wear layer<\/li>\n<li><strong>PE-foil<\/strong><\/li>\n<li><strong>Counter floor<br \/>\n<\/strong>17mm spruce<\/li>\n<li><strong>Elastic beam<\/strong><br \/>\n27mm spruce incl. elastic pads<\/li>\n<\/ol>\n<\/div>\n                        \n                                                    <div class=\"link-wrapper\">\n                                <a href=\"https:\/\/www.weitzer-sport.com\/en\/request\/?form=3741&#038;field=7&#038;value=57%20Spruce%20Squash#anfrage\" target=\"\" class=\"btn ghost\">\n                                    Request 57 Spruce Squash\n                                <\/a>\n                            <\/div>\n                        \n                    <\/div>\n                <\/div>\n            <\/div>\n        <\/div>\n    <\/div>\n\n<div id=\"ep-block-spacer-block_6d8616475f35f1dcdbeaf4e3c294a137\" class=\"ep-block-spacer ep-block  chosen-\">\n            <div class=\"show-frontend\">\n                        <style>\n                #ep-spacer-K9Pup {\n                    height: 100px;\n                }\n                @media (max-width: 767px) {\n                    #ep-spacer-K9Pup {\n                        height: 40px;\n                    }\n                }\n                @media (min-width: 768px) and (max-width: 1023px) {\n                    #ep-spacer-K9Pup {\n                        height: 60px;\n                    }\n                }\n            <\/style>\n            <div id=\"ep-spacer-K9Pup\"><\/div>\n        <\/div>\n    <\/div>\n\n<div id=\"ep-block-quote-block_9ce642fe0a1229f805224eba392717d8\" class=\"ep-block-quote ep-block  chosen-\">\n            <div class=\"show-frontend\">\n            <div class=\"quote-wrapper\">\n                                    <div class=\"quote\">&ldquo;Weitzer Squash enables precise movements, protects the joints and offers maximum durability.&rdquo;<\/div>\n                                            <\/div>\n        <\/div>\n    <\/div>\n\n<div id=\"ep-block-icon-text-block_2e2a9a5d184d80fb72d0900978533d4f\" class=\"ep-block-icon-text ep-block  chosen-\">\n                        <div class=\"show-frontend\">\n                <div class=\"inner\">\n                    <div class=\"icon-text-wrapper\">\n                                                    <div class=\"item\">\n                                                                    <div class=\"image-wrapper\">\n                                                                                <span class=\"circle\">\n                                            <img decoding=\"async\" src=\"https:\/\/www.weitzer-sport.com\/wp-content\/uploads\/2024\/12\/sport-icon-brown-2-38x38-c-default.png\" alt=\"\" title=\"sport-icon-brown-2\" \/>\n                                        <\/span>\n                                    <\/div>\n                                                                                                    <div class=\"text-wrapper\">\n                                        <strong>Sport Parquet<\/strong><br \/>\r\nIdeal &#8220;Grip &#038; Slide&#8221; properties.<br \/>\r\nParticularly suitable for heavy loads.<br \/>\r\nRemarkableabrasion resistance.\n                                    <\/div>\n                                                            <\/div>\n                                                    <div class=\"item\">\n                                                                    <div class=\"image-wrapper\">\n                                                                                <span class=\"circle\">\n                                            <img decoding=\"async\" src=\"https:\/\/www.weitzer-sport.com\/wp-content\/uploads\/2024\/11\/prosquash-brown.svg\" alt=\"\" title=\"ProSquash_brown\" \/>\n                                        <\/span>\n                                    <\/div>\n                                                                                                    <div class=\"text-wrapper\">\n                                        <strong>The matte surface optimized for Absorption<\/strong><br \/>\r\nThe base impregnation ensures optimum absorption of perspiration to guarantee slip resistance and slip resistance.<br \/>\r\nThe specially coarsely sanded surface ensures sure-footedness.<br \/>\r\nBreathable and open to vapor diffusion.<br \/>\r\nNatural look.\n                                    <\/div>\n                                                            <\/div>\n                                            <\/div>\n                <\/div>\n            <\/div>\n            <\/div>\n\n\n<div id=\"ep-block-spacer-block_6d8616475f35f1dcdbeaf4e3c294a137\" class=\"ep-block-spacer ep-block  chosen-\">\n            <div class=\"show-frontend\">\n                        <style>\n                #ep-spacer-NBlJO {\n                    height: 100px;\n                }\n                @media (max-width: 767px) {\n                    #ep-spacer-NBlJO {\n                        height: 40px;\n                    }\n                }\n                @media (min-width: 768px) and (max-width: 1023px) {\n                    #ep-spacer-NBlJO {\n                        height: 60px;\n                    }\n                }\n            <\/style>\n            <div id=\"ep-spacer-NBlJO\"><\/div>\n        <\/div>\n    <\/div>\n\n<div id=\"ep-block-image-title-text-link-block_06618f175e10394cf9bd593da665012c\" class=\"ep-block-image-title-text-link ep-block  chosen-bg-theme-beige\">\n            <div class=\"show-frontend\">\n            <div class=\"inner\">\n                <div class=\"holder\">\n                    <div class=\"text-wrapper\">\n                                                    <h2>Available in the wood type ash<\/h2>\n                        \n                                                    <div class=\"text\"><p>Other types of wood are also available on request &#8211; we will be happy to advise you!<\/p>\n<\/div>\n                        \n                                                    <div class=\"btn-wrapper\">\n                                <a href=\"https:\/\/www.weitzer-sport.com\/en\/request\/\" target=\"\" class=\"btn ghost\">Send request now<\/a>\n                            <\/div>\n                                            <\/div>\n                                            <div class=\"image-wrapper\">\n                                                                                    \n                                                                                                                <picture class=\"post-image\">\n                                <source srcset=\"https:\/\/www.weitzer-sport.com\/wp-content\/uploads\/2024\/11\/esche-sportboeden-582x388-c-center.jpg 1x\" media=\"(min-width: 1024px)\"\/>\n                                <source srcset=\"https:\/\/www.weitzer-sport.com\/wp-content\/uploads\/2024\/11\/esche-sportboeden-582x388-c-center.jpg 1x\" media=\"(min-width: 768px)\"\/>\n                                <source srcset=\"https:\/\/www.weitzer-sport.com\/wp-content\/uploads\/2024\/11\/esche-sportboeden-684x456-c-center.jpg 1x\" media=\"(max-width: 767px)\"\/>\n                                <img decoding=\"async\" src=\"https:\/\/www.weitzer-sport.com\/wp-content\/uploads\/2024\/11\/esche-sportboeden-684x456-c-center.jpg\" alt=\"\" title=\"esche-sportboeden\"\/>\n                            <\/picture>\n                        <\/div>\n                                    <\/div>\n            <\/div>\n        <\/div>\n    <\/div>\n\n<div id=\"ep-block-spacer-block_50133942e47ef5cd67de4aad62f18ab8\" class=\"ep-block-spacer ep-block  chosen-bg-white\">\n            <div class=\"show-frontend\">\n                        <style>\n                #ep-spacer-gsj5h {\n                    height: 100px;\n                }\n                @media (max-width: 767px) {\n                    #ep-spacer-gsj5h {\n                        height: 40px;\n                    }\n                }\n                @media (min-width: 768px) and (max-width: 1023px) {\n                    #ep-spacer-gsj5h {\n                        height: 60px;\n                    }\n                }\n            <\/style>\n            <div id=\"ep-spacer-gsj5h\"><\/div>\n        <\/div>\n    <\/div>","protected":false},"excerpt":{"rendered":"","protected":false},"author":1,"featured_media":0,"parent":0,"menu_order":0,"comment_status":"closed","ping_status":"closed","template":"","meta":{"_acf_changed":false,"footnotes":""},"class_list":["post-4292","page","type-page","status-publish","hentry"],"acf":[],"yoast_head":"<!-- This site is optimized with the Yoast SEO plugin v25.7 - https:\/\/yoast.com\/wordpress\/plugins\/seo\/ -->\n<title>Weitzer Squash - Der Schl\u00fcssel zu Spitzenleistungen<\/title>\n<meta name=\"description\" content=\"Ein hochwertiger Squashboden ist der Schl\u00fcssel zu Spitzenleistungen und maximaler Sicherheit. Hier erfahren Sie mehr dar\u00fcber!\" \/>\n<meta name=\"robots\" content=\"index, follow, max-snippet:-1, max-image-preview:large, max-video-preview:-1\" \/>\n<link rel=\"canonical\" href=\"https:\/\/www.weitzer-sport.com\/en\/weitzer-squash\/\" \/>\n<meta property=\"og:locale\" content=\"en_US\" \/>\n<meta property=\"og:type\" content=\"article\" \/>\n<meta property=\"og:title\" content=\"Weitzer Squash - Der Schl\u00fcssel zu Spitzenleistungen\" \/>\n<meta property=\"og:description\" content=\"Ein hochwertiger Squashboden ist der Schl\u00fcssel zu Spitzenleistungen und maximaler Sicherheit. Hier erfahren Sie mehr dar\u00fcber!\" \/>\n<meta property=\"og:url\" content=\"https:\/\/www.weitzer-sport.com\/en\/weitzer-squash\/\" \/>\n<meta property=\"og:site_name\" content=\"Weitzer Sport\" \/>\n<meta property=\"article:modified_time\" content=\"2024-12-16T13:51:08+00:00\" \/>\n<meta name=\"twitter:card\" content=\"summary_large_image\" \/>\n<script type=\"application\/ld+json\" class=\"yoast-schema-graph\">{\"@context\":\"https:\/\/schema.org\",\"@graph\":[{\"@type\":\"WebPage\",\"@id\":\"https:\/\/www.weitzer-sport.com\/en\/weitzer-squash\/\",\"url\":\"https:\/\/www.weitzer-sport.com\/en\/weitzer-squash\/\",\"name\":\"Weitzer Squash - Der Schl\u00fcssel zu Spitzenleistungen\",\"isPartOf\":{\"@id\":\"https:\/\/www.weitzer-sport.com\/en\/#website\"},\"datePublished\":\"2024-11-21T09:27:59+00:00\",\"dateModified\":\"2024-12-16T13:51:08+00:00\",\"description\":\"Ein hochwertiger Squashboden ist der Schl\u00fcssel zu Spitzenleistungen und maximaler Sicherheit. Hier erfahren Sie mehr dar\u00fcber!\",\"breadcrumb\":{\"@id\":\"https:\/\/www.weitzer-sport.com\/en\/weitzer-squash\/#breadcrumb\"},\"inLanguage\":\"en-US\",\"potentialAction\":[{\"@type\":\"ReadAction\",\"target\":[\"https:\/\/www.weitzer-sport.com\/en\/weitzer-squash\/\"]}]},{\"@type\":\"BreadcrumbList\",\"@id\":\"https:\/\/www.weitzer-sport.com\/en\/weitzer-squash\/#breadcrumb\",\"itemListElement\":[{\"@type\":\"ListItem\",\"position\":1,\"name\":\"Home\",\"item\":\"https:\/\/www.weitzer-sport.com\/en\/\"},{\"@type\":\"ListItem\",\"position\":2,\"name\":\"Weitzer Squash\"}]},{\"@type\":\"WebSite\",\"@id\":\"https:\/\/www.weitzer-sport.com\/en\/#website\",\"url\":\"https:\/\/www.weitzer-sport.com\/en\/\",\"name\":\"Weitzer Sport\",\"description\":\"Qualit\u00e4t und Innovation seit 1831\",\"potentialAction\":[{\"@type\":\"SearchAction\",\"target\":{\"@type\":\"EntryPoint\",\"urlTemplate\":\"https:\/\/www.weitzer-sport.com\/en\/?s={search_term_string}\"},\"query-input\":{\"@type\":\"PropertyValueSpecification\",\"valueRequired\":true,\"valueName\":\"search_term_string\"}}],\"inLanguage\":\"en-US\"}]}<\/script>\n<!-- \/ Yoast SEO plugin. -->","yoast_head_json":{"title":"Weitzer Squash - Der Schl\u00fcssel zu Spitzenleistungen","description":"Ein hochwertiger Squashboden ist der Schl\u00fcssel zu Spitzenleistungen und maximaler Sicherheit. Hier erfahren Sie mehr dar\u00fcber!","robots":{"index":"index","follow":"follow","max-snippet":"max-snippet:-1","max-image-preview":"max-image-preview:large","max-video-preview":"max-video-preview:-1"},"canonical":"https:\/\/www.weitzer-sport.com\/en\/weitzer-squash\/","og_locale":"en_US","og_type":"article","og_title":"Weitzer Squash - Der Schl\u00fcssel zu Spitzenleistungen","og_description":"Ein hochwertiger Squashboden ist der Schl\u00fcssel zu Spitzenleistungen und maximaler Sicherheit. Hier erfahren Sie mehr dar\u00fcber!","og_url":"https:\/\/www.weitzer-sport.com\/en\/weitzer-squash\/","og_site_name":"Weitzer Sport","article_modified_time":"2024-12-16T13:51:08+00:00","twitter_card":"summary_large_image","schema":{"@context":"https:\/\/schema.org","@graph":[{"@type":"WebPage","@id":"https:\/\/www.weitzer-sport.com\/en\/weitzer-squash\/","url":"https:\/\/www.weitzer-sport.com\/en\/weitzer-squash\/","name":"Weitzer Squash - Der Schl\u00fcssel zu Spitzenleistungen","isPartOf":{"@id":"https:\/\/www.weitzer-sport.com\/en\/#website"},"datePublished":"2024-11-21T09:27:59+00:00","dateModified":"2024-12-16T13:51:08+00:00","description":"Ein hochwertiger Squashboden ist der Schl\u00fcssel zu Spitzenleistungen und maximaler Sicherheit. Hier erfahren Sie mehr dar\u00fcber!","breadcrumb":{"@id":"https:\/\/www.weitzer-sport.com\/en\/weitzer-squash\/#breadcrumb"},"inLanguage":"en-US","potentialAction":[{"@type":"ReadAction","target":["https:\/\/www.weitzer-sport.com\/en\/weitzer-squash\/"]}]},{"@type":"BreadcrumbList","@id":"https:\/\/www.weitzer-sport.com\/en\/weitzer-squash\/#breadcrumb","itemListElement":[{"@type":"ListItem","position":1,"name":"Home","item":"https:\/\/www.weitzer-sport.com\/en\/"},{"@type":"ListItem","position":2,"name":"Weitzer Squash"}]},{"@type":"WebSite","@id":"https:\/\/www.weitzer-sport.com\/en\/#website","url":"https:\/\/www.weitzer-sport.com\/en\/","name":"Weitzer Sport","description":"Qualit\u00e4t und Innovation seit 1831","potentialAction":[{"@type":"SearchAction","target":{"@type":"EntryPoint","urlTemplate":"https:\/\/www.weitzer-sport.com\/en\/?s={search_term_string}"},"query-input":{"@type":"PropertyValueSpecification","valueRequired":true,"valueName":"search_term_string"}}],"inLanguage":"en-US"}]}},"_links":{"self":[{"href":"https:\/\/www.weitzer-sport.com\/en\/wp-json\/wp\/v2\/pages\/4292","targetHints":{"allow":["GET"]}}],"collection":[{"href":"https:\/\/www.weitzer-sport.com\/en\/wp-json\/wp\/v2\/pages"}],"about":[{"href":"https:\/\/www.weitzer-sport.com\/en\/wp-json\/wp\/v2\/types\/page"}],"author":[{"embeddable":true,"href":"https:\/\/www.weitzer-sport.com\/en\/wp-json\/wp\/v2\/users\/1"}],"replies":[{"embeddable":true,"href":"https:\/\/www.weitzer-sport.com\/en\/wp-json\/wp\/v2\/comments?post=4292"}],"version-history":[{"count":5,"href":"https:\/\/www.weitzer-sport.com\/en\/wp-json\/wp\/v2\/pages\/4292\/revisions"}],"predecessor-version":[{"id":4317,"href":"https:\/\/www.weitzer-sport.com\/en\/wp-json\/wp\/v2\/pages\/4292\/revisions\/4317"}],"wp:attachment":[{"href":"https:\/\/www.weitzer-sport.com\/en\/wp-json\/wp\/v2\/media?parent=4292"}],"curies":[{"name":"wp","href":"https:\/\/api.w.org\/{rel}","templated":true}]}}